{"id":17,"date":"2017-10-01T09:14:31","date_gmt":"2017-10-01T07:14:31","guid":{"rendered":"http:\/\/xn--w-uga1v8h.co.pl\/?page_id=17"},"modified":"2018-04-23T12:44:36","modified_gmt":"2018-04-23T10:44:36","slug":"terrarium","status":"publish","type":"page","link":"https:\/\/xn--w-uga1v8h.co.pl\/index.php\/terrarium\/","title":{"rendered":"Terrarium"},"content":{"rendered":"<p>No i buduje si\u0119&#8230;.<\/p>\n<p><img loading=\"lazy\" decoding=\"async\" class=\"aligncenter wp-image-54 size-mh-magazine-lite-content\" src=\"https:\/\/xn--w-uga1v8h.co.pl\/wp-content\/uploads\/2017\/10\/IMG_4742-678x381.jpg\" alt=\"\" width=\"678\" height=\"381\" \/><\/p>\n<p><img loading=\"lazy\" decoding=\"async\" class=\"aligncenter wp-image-56 size-mh-magazine-lite-content\" src=\"https:\/\/xn--w-uga1v8h.co.pl\/wp-content\/uploads\/2017\/10\/IMG_4744-678x381.jpg\" alt=\"\" width=\"678\" height=\"381\" \/><\/p>\n<p><img loading=\"lazy\" decoding=\"async\" class=\"aligncenter wp-image-60 size-mh-magazine-lite-content\" src=\"https:\/\/xn--w-uga1v8h.co.pl\/wp-content\/uploads\/2017\/10\/IMG_4748-678x381.jpg\" alt=\"\" width=\"678\" height=\"381\" \/><\/p>\n<p>Wszelkie po\u0142\u0105czenia s\u0105 ko\u0142kowane, wspomagane w wi\u0119kszo\u015bci konfirmatami (\u015bruby), dodatkowo uszczelniane klejem akwarystycznym.<\/p>\n<p>Szyba w wersji specjalnej &#8211; 5 mm grubo\u015bci, bez zielonego odcienia.<\/p>\n<p>Generalnie samo ko\u0142kowanie starczy, jednak w tych warunkach mo\u017ce doj\u015b\u0107 do degradacji kleju i po\u0142\u0105czenie mo\u017ce pu\u015bci\u0107. Z jednej strony terrarium sciana jest demontowana, na wypadek uszkodzenia szyby lub modyfikacji terrarium.<\/p>\n<p>Dno b\u0119dzie wy\u0142o\u017cone odpowiedni\u0105 foli\u0105 i w\u0142\u00f3knin\u0105 &#8211; \u017ceby \u017c\u00f3\u0142w nie uszkodzi\u0142 izolacji.<\/p>\n<p>Wype\u0142nienie ziemi\u0105 z glin\u0105 w\u0119dkarsk\u0105 &#8211; tu temat rzeka, mieszank\u0119 trzeba dobra\u0107 eksperymentalnie. Do tego kamienna &#8222;wyspa&#8221;, przestrze\u0144 zielona, miejsce na po\u017cywienie i wod\u0119<br \/>\n<a href=\"https:\/\/xn--w-uga1v8h.co.pl\/index.php\/wyspa\/\">Wyspa<\/a> budowana b\u0119dzie z materia\u0142\u00f3w budowlanych wodoodpornych &#8211; fotki nied\u0142ugo<\/p>\n<p><b>O\u015bwietlenie<\/b> (spory temat bior\u0105c pod uwag\u0119 &#8211; ro\u015bliny, estetyk\u0119 i zaspokojenie potrzeb lokatora)<br \/>\n-uvb Repti 10%<br \/>\n-grzewcza Osram Spot<br \/>\n-LED 2000 lm mieszane 4500-6500 K &#8211; daje faktycznie pi\u0119kne widmo \u015bwiat\u0142a dziennego, jak to z\u0142o\u017cy si\u0119 z dobran\u0105 specjalnie szyb\u0105 &#8211; efekt jest co najmniej zadowalaj\u0105cy<\/p>\n<p><b>W planach<\/b><\/p>\n<p><b>Sterowanie <\/b>(spore mo\u017cliwo\u015bci &#8211; dost\u0119pne s\u0105 liczne systemy steruj\u0105ce, w\u0142\u0105cznie z symulacj\u0105 warunk\u00f3w naturalnych. W tym przypadku powstanie co\u015b autorskiego.<\/p>\n<p>Podstawowa wersja sterowania, na razie s\u0105 tylko przeka\u017aniki<\/p>\n<p><img loading=\"lazy\" decoding=\"async\" class=\"size-medium wp-image-162 aligncenter\" src=\"https:\/\/xn--w-uga1v8h.co.pl\/wp-content\/uploads\/2017\/12\/IMG_5152-300x200.jpg\" alt=\"\" width=\"300\" height=\"200\" srcset=\"https:\/\/xn--w-uga1v8h.co.pl\/wp-content\/uploads\/2017\/12\/IMG_5152-300x200.jpg 300w, https:\/\/xn--w-uga1v8h.co.pl\/wp-content\/uploads\/2017\/12\/IMG_5152-768x512.jpg 768w, https:\/\/xn--w-uga1v8h.co.pl\/wp-content\/uploads\/2017\/12\/IMG_5152-1024x683.jpg 1024w\" sizes=\"auto, (max-width: 300px) 100vw, 300px\" \/><\/p>\n<p><img loading=\"lazy\" decoding=\"async\" class=\"size-medium wp-image-163 aligncenter\" src=\"https:\/\/xn--w-uga1v8h.co.pl\/wp-content\/uploads\/2017\/12\/IMG_5153-300x200.jpg\" alt=\"\" width=\"300\" height=\"200\" srcset=\"https:\/\/xn--w-uga1v8h.co.pl\/wp-content\/uploads\/2017\/12\/IMG_5153-300x200.jpg 300w, https:\/\/xn--w-uga1v8h.co.pl\/wp-content\/uploads\/2017\/12\/IMG_5153-768x512.jpg 768w, https:\/\/xn--w-uga1v8h.co.pl\/wp-content\/uploads\/2017\/12\/IMG_5153-1024x683.jpg 1024w\" sizes=\"auto, (max-width: 300px) 100vw, 300px\" \/><\/p>\n<p>Ca\u0142y uk\u0142ad sterowania jest oparty na tabeli kt\u00f3r\u0105 z mozo\u0142em stworzy\u0142em. Wiele danych kt\u00f3re pokazuj\u0105 prawdziwe dane statystyczne z region\u00f3w gdzie wyst\u0119puje ten gatunek \u017c\u00f3\u0142wia. Za\u0142\u0105czam dla potomnych &#8211; <a href=\"https:\/\/xn--w-uga1v8h.co.pl\/wp-content\/uploads\/2018\/01\/slonce_in_out_patras_grecja.ods\">PLIK<\/a><\/p>\n<p><b>Kontroler<\/b><\/p>\n<p><img loading=\"lazy\" decoding=\"async\" class=\"size-medium wp-image-181 aligncenter\" src=\"https:\/\/xn--w-uga1v8h.co.pl\/wp-content\/uploads\/2018\/01\/IMG_5289-e1515747063508-200x300.jpg\" alt=\"\" width=\"200\" height=\"300\" srcset=\"https:\/\/xn--w-uga1v8h.co.pl\/wp-content\/uploads\/2018\/01\/IMG_5289-e1515747063508-200x300.jpg 200w, https:\/\/xn--w-uga1v8h.co.pl\/wp-content\/uploads\/2018\/01\/IMG_5289-e1515747063508.jpg 533w\" sizes=\"auto, (max-width: 200px) 100vw, 200px\" \/><\/p>\n<p style=\"text-align: center;\">Wi\u0105zka przewod\u00f3w z czujnikami<\/p>\n<p><img loading=\"lazy\" decoding=\"async\" class=\"aligncenter wp-image-182 size-medium\" src=\"https:\/\/xn--w-uga1v8h.co.pl\/wp-content\/uploads\/2018\/01\/IMG_5288-300x215.jpg\" alt=\"\" width=\"300\" height=\"215\" srcset=\"https:\/\/xn--w-uga1v8h.co.pl\/wp-content\/uploads\/2018\/01\/IMG_5288-300x215.jpg 300w, https:\/\/xn--w-uga1v8h.co.pl\/wp-content\/uploads\/2018\/01\/IMG_5288-768x550.jpg 768w, https:\/\/xn--w-uga1v8h.co.pl\/wp-content\/uploads\/2018\/01\/IMG_5288-1024x733.jpg 1024w, https:\/\/xn--w-uga1v8h.co.pl\/wp-content\/uploads\/2018\/01\/IMG_5288.jpg 1270w\" sizes=\"auto, (max-width: 300px) 100vw, 300px\" \/><\/p>\n<p style=\"text-align: center;\">Kontroler z wy\u015bwietlaczem<\/p>\n<p><b>Czujniki <\/b>(temperatury stref w terrarium, wilgotno\u015b\u0107, jasno\u015b\u0107, itp)<\/p>\n<p>-dwa czujniki temperatura\/wilgotno\u015b\u0107 w dw\u00f3ch skrajnych cz\u0119\u015bciach terrarium<\/p>\n<p>-trzy dodatkowe termometry &#8211; wyspa, \u015brodek terrarium, pod\u0142o\u017ce pod spodem.<\/p>\n<p><b>Monitoring<\/b> (kamera)<\/p>\n<p><b>Statystyki<\/b> (historia pomiar\u00f3w i warunk\u00f3w na www)<\/p>\n","protected":false},"excerpt":{"rendered":"<div class=\"mh-excerpt\"><p>No i buduje si\u0119&#8230;. Wszelkie po\u0142\u0105czenia s\u0105 ko\u0142kowane, wspomagane w wi\u0119kszo\u015bci konfirmatami (\u015bruby), dodatkowo uszczelniane klejem akwarystycznym. Szyba w wersji specjalnej &#8211; 5 mm grubo\u015bci, <a class=\"mh-excerpt-more\" href=\"https:\/\/xn--w-uga1v8h.co.pl\/index.php\/terrarium\/\" title=\"Terrarium\">[&#8230;]<\/a><\/p>\n<\/div>","protected":false},"author":1,"featured_media":0,"parent":0,"menu_order":0,"comment_status":"closed","ping_status":"closed","template":"","meta":{"footnotes":""},"class_list":["post-17","page","type-page","status-publish","hentry"],"_links":{"self":[{"href":"https:\/\/xn--w-uga1v8h.co.pl\/index.php\/wp-json\/wp\/v2\/pages\/17","targetHints":{"allow":["GET"]}}],"collection":[{"href":"https:\/\/xn--w-uga1v8h.co.pl\/index.php\/wp-json\/wp\/v2\/pages"}],"about":[{"href":"https:\/\/xn--w-uga1v8h.co.pl\/index.php\/wp-json\/wp\/v2\/types\/page"}],"author":[{"embeddable":true,"href":"https:\/\/xn--w-uga1v8h.co.pl\/index.php\/wp-json\/wp\/v2\/users\/1"}],"replies":[{"embeddable":true,"href":"https:\/\/xn--w-uga1v8h.co.pl\/index.php\/wp-json\/wp\/v2\/comments?post=17"}],"version-history":[{"count":22,"href":"https:\/\/xn--w-uga1v8h.co.pl\/index.php\/wp-json\/wp\/v2\/pages\/17\/revisions"}],"predecessor-version":[{"id":198,"href":"https:\/\/xn--w-uga1v8h.co.pl\/index.php\/wp-json\/wp\/v2\/pages\/17\/revisions\/198"}],"wp:attachment":[{"href":"https:\/\/xn--w-uga1v8h.co.pl\/index.php\/wp-json\/wp\/v2\/media?parent=17"}],"curies":[{"name":"wp","href":"https:\/\/api.w.org\/{rel}","templated":true}]}}