{"id":19,"date":"2017-10-01T07:15:04","date_gmt":"2017-10-01T07:15:04","guid":{"rendered":"http:\/\/xn--w-uga1v8h.co.pl\/?page_id=19"},"modified":"2023-04-04T18:05:05","modified_gmt":"2023-04-04T16:05:05","slug":"online","status":"publish","type":"page","link":"https:\/\/xn--w-uga1v8h.co.pl\/index.php\/online\/","title":{"rendered":"Online"},"content":{"rendered":"<p><\/p><center><img decoding=\"async\" src=\"http:\/\/dom2.nimbus.co.pl:10000\/terrarium.jpg\" alt=\"Terrarium\"> <\/center><br>\n<center><object data=\"http:\/\/dom2.nimbus.co.pl:10000\/cam_pic.php?time=1507529633718&amp;pDelay=40000\" width=\"800\" height=\"600\"><embed src=\"http:\/\/dom2.nimbus.co.pl:10000\/cam_pic.php?time=1507529633718&amp;pDelay=40000\" width=\"800\" height=\"600\"><\/object><\/center><p><\/p>\n\n\n<p>Dost\u0119p niedost\u0119pny z powod\u00f3w technicznych<\/p>\n","protected":false},"excerpt":{"rendered":"<div class=\"mh-excerpt\"><p>Dost\u0119p niedost\u0119pny z powod\u00f3w technicznych<\/p>\n<\/div>","protected":false},"author":1,"featured_media":0,"parent":0,"menu_order":0,"comment_status":"closed","ping_status":"closed","template":"","meta":{"footnotes":""},"class_list":["post-19","page","type-page","status-publish","hentry"],"_links":{"self":[{"href":"https:\/\/xn--w-uga1v8h.co.pl\/index.php\/wp-json\/wp\/v2\/pages\/19","targetHints":{"allow":["GET"]}}],"collection":[{"href":"https:\/\/xn--w-uga1v8h.co.pl\/index.php\/wp-json\/wp\/v2\/pages"}],"about":[{"href":"https:\/\/xn--w-uga1v8h.co.pl\/index.php\/wp-json\/wp\/v2\/types\/page"}],"author":[{"embeddable":true,"href":"https:\/\/xn--w-uga1v8h.co.pl\/index.php\/wp-json\/wp\/v2\/users\/1"}],"replies":[{"embeddable":true,"href":"https:\/\/xn--w-uga1v8h.co.pl\/index.php\/wp-json\/wp\/v2\/comments?post=19"}],"version-history":[{"count":24,"href":"https:\/\/xn--w-uga1v8h.co.pl\/index.php\/wp-json\/wp\/v2\/pages\/19\/revisions"}],"predecessor-version":[{"id":309,"href":"https:\/\/xn--w-uga1v8h.co.pl\/index.php\/wp-json\/wp\/v2\/pages\/19\/revisions\/309"}],"wp:attachment":[{"href":"https:\/\/xn--w-uga1v8h.co.pl\/index.php\/wp-json\/wp\/v2\/media?parent=19"}],"curies":[{"name":"wp","href":"https:\/\/api.w.org\/{rel}","templated":true}]}}