{"id":193,"date":"2018-04-23T12:41:55","date_gmt":"2018-04-23T10:41:55","guid":{"rendered":"http:\/\/xn--w-uga1v8h.co.pl\/?page_id=193"},"modified":"2018-04-23T12:43:41","modified_gmt":"2018-04-23T10:43:41","slug":"wyspa","status":"publish","type":"page","link":"https:\/\/xn--w-uga1v8h.co.pl\/index.php\/wyspa\/","title":{"rendered":"Wyspa"},"content":{"rendered":"<p>Konstrukcja jak w wi\u0119kszo\u015bci to drewniany stela\u017c..<\/p>\n<p><img loading=\"lazy\" decoding=\"async\" class=\"size-medium wp-image-194\" src=\"https:\/\/xn--w-uga1v8h.co.pl\/wp-content\/uploads\/2018\/04\/P1010026-300x224.jpg\" alt=\"\" width=\"300\" height=\"224\" srcset=\"https:\/\/xn--w-uga1v8h.co.pl\/wp-content\/uploads\/2018\/04\/P1010026-300x224.jpg 300w, https:\/\/xn--w-uga1v8h.co.pl\/wp-content\/uploads\/2018\/04\/P1010026-768x575.jpg 768w, https:\/\/xn--w-uga1v8h.co.pl\/wp-content\/uploads\/2018\/04\/P1010026-1024x766.jpg 1024w, https:\/\/xn--w-uga1v8h.co.pl\/wp-content\/uploads\/2018\/04\/P1010026-678x509.jpg 678w, https:\/\/xn--w-uga1v8h.co.pl\/wp-content\/uploads\/2018\/04\/P1010026-326x245.jpg 326w, https:\/\/xn--w-uga1v8h.co.pl\/wp-content\/uploads\/2018\/04\/P1010026-80x60.jpg 80w\" sizes=\"auto, (max-width: 300px) 100vw, 300px\" \/><\/p>\n<p><img loading=\"lazy\" decoding=\"async\" class=\"size-medium wp-image-195\" src=\"https:\/\/xn--w-uga1v8h.co.pl\/wp-content\/uploads\/2018\/04\/P1010027-300x224.jpg\" alt=\"\" width=\"300\" height=\"224\" srcset=\"https:\/\/xn--w-uga1v8h.co.pl\/wp-content\/uploads\/2018\/04\/P1010027-300x224.jpg 300w, https:\/\/xn--w-uga1v8h.co.pl\/wp-content\/uploads\/2018\/04\/P1010027-768x575.jpg 768w, https:\/\/xn--w-uga1v8h.co.pl\/wp-content\/uploads\/2018\/04\/P1010027-1024x766.jpg 1024w, https:\/\/xn--w-uga1v8h.co.pl\/wp-content\/uploads\/2018\/04\/P1010027-678x509.jpg 678w, https:\/\/xn--w-uga1v8h.co.pl\/wp-content\/uploads\/2018\/04\/P1010027-326x245.jpg 326w, https:\/\/xn--w-uga1v8h.co.pl\/wp-content\/uploads\/2018\/04\/P1010027-80x60.jpg 80w\" sizes=\"auto, (max-width: 300px) 100vw, 300px\" \/><\/p>\n<p>Konstrukcja powleczona piank\u0105 budowlan\u0105. Sp\u00f3d i boki maj\u0105ce styczno\u015b\u0107 z ziemi\u0105, zabezpieczony grub\u0105 foli\u0105 wisz\u0105cy nad spodem terrarium. Finalnie pokryte warstwa kleju do p\u0142ytek z odrobin\u0105 czarnego pigmentu. Do z\u0142udzenia przypomina ska\u0142ki.<\/p>\n","protected":false},"excerpt":{"rendered":"<div class=\"mh-excerpt\"><p>Konstrukcja jak w wi\u0119kszo\u015bci to drewniany stela\u017c.. Konstrukcja powleczona piank\u0105 budowlan\u0105. Sp\u00f3d i boki maj\u0105ce styczno\u015b\u0107 z ziemi\u0105, zabezpieczony grub\u0105 foli\u0105 wisz\u0105cy nad spodem terrarium. <a class=\"mh-excerpt-more\" href=\"https:\/\/xn--w-uga1v8h.co.pl\/index.php\/wyspa\/\" title=\"Wyspa\">[&#8230;]<\/a><\/p>\n<\/div>","protected":false},"author":1,"featured_media":0,"parent":0,"menu_order":0,"comment_status":"closed","ping_status":"closed","template":"","meta":{"footnotes":""},"class_list":["post-193","page","type-page","status-publish","hentry"],"_links":{"self":[{"href":"https:\/\/xn--w-uga1v8h.co.pl\/index.php\/wp-json\/wp\/v2\/pages\/193","targetHints":{"allow":["GET"]}}],"collection":[{"href":"https:\/\/xn--w-uga1v8h.co.pl\/index.php\/wp-json\/wp\/v2\/pages"}],"about":[{"href":"https:\/\/xn--w-uga1v8h.co.pl\/index.php\/wp-json\/wp\/v2\/types\/page"}],"author":[{"embeddable":true,"href":"https:\/\/xn--w-uga1v8h.co.pl\/index.php\/wp-json\/wp\/v2\/users\/1"}],"replies":[{"embeddable":true,"href":"https:\/\/xn--w-uga1v8h.co.pl\/index.php\/wp-json\/wp\/v2\/comments?post=193"}],"version-history":[{"count":1,"href":"https:\/\/xn--w-uga1v8h.co.pl\/index.php\/wp-json\/wp\/v2\/pages\/193\/revisions"}],"predecessor-version":[{"id":196,"href":"https:\/\/xn--w-uga1v8h.co.pl\/index.php\/wp-json\/wp\/v2\/pages\/193\/revisions\/196"}],"wp:attachment":[{"href":"https:\/\/xn--w-uga1v8h.co.pl\/index.php\/wp-json\/wp\/v2\/media?parent=193"}],"curies":[{"name":"wp","href":"https:\/\/api.w.org\/{rel}","templated":true}]}}