{"id":21,"date":"2017-10-01T07:15:19","date_gmt":"2017-10-01T07:15:19","guid":{"rendered":"http:\/\/xn--w-uga1v8h.co.pl\/?page_id=21"},"modified":"2017-10-01T19:11:48","modified_gmt":"2017-10-01T17:11:48","slug":"zywienie","status":"publish","type":"page","link":"https:\/\/xn--w-uga1v8h.co.pl\/index.php\/zywienie\/","title":{"rendered":"\u017bywienie"},"content":{"rendered":"<p>Co poda\u0107 je\u015b\u0107?<br \/>\n\u017b\u00f3\u0142wie maj\u0105 swoj\u0105 ustalona diet\u0119, na szcz\u0119\u015bcie niezbyt wymagaj\u0105c\u0105, trzeba jednak uwa\u017ca\u0107 bo s\u0105 bardzo liczne wyj\u0105tki kt\u00f3re mog\u0105 naszemu pupilowi zrobi\u0107 krzywd\u0119.<\/p>\n<p>Tak na szybko zebrane z dysku. To co uda\u0142o sie wykorzysta\u0107 z wiedzy i do\u015bwiadczenia internaut\u00f3w.<\/p>\n<p><a href=\"https:\/\/xn--w-uga1v8h.co.pl\/wp-content\/uploads\/2017\/10\/Cz\u0119\u015b\u0107-II-Ro\u015bliny-podawane-z-umiarem-wrzesie\u0144-2014.pdf\">Cz\u0119\u015b\u0107 II &#8211; Ro\u015bliny podawane z umiarem &#8211; wrzesie\u0144 2014<\/a><br \/>\n<a href=\"https:\/\/xn--w-uga1v8h.co.pl\/wp-content\/uploads\/2017\/10\/Cz\u0119\u015b\u0107-III-Ro\u015bliny-podawane-sporadycznie-wrzesie\u0144-2014.pdf\">Cz\u0119\u015b\u0107 III &#8211; Ro\u015bliny podawane sporadycznie &#8211; wrzesie\u0144 2014<br \/>\n<\/a> <a href=\"https:\/\/xn--w-uga1v8h.co.pl\/wp-content\/uploads\/2017\/10\/Zasady-prawid\u0142owego-\u017cywienia-\u017c\u00f3\u0142wi-l\u0105dowych.pdf\">Zasady prawid\u0142owego \u017cywienia \u017c\u00f3\u0142wi l\u0105dowych<\/a><br \/>\n<a href=\"https:\/\/xn--w-uga1v8h.co.pl\/wp-content\/uploads\/2017\/10\/Cz\u0119\u015b\u0107-I-Ro\u015bliny-bezpieczne-do-podawania-wrzesie\u0144-2014.pdf\">Cz\u0119\u015b\u0107 I &#8211; Ro\u015bliny bezpieczne do podawania &#8211; wrzesie\u0144 2014<br \/>\n<\/a> <a href=\"https:\/\/xn--w-uga1v8h.co.pl\/wp-content\/uploads\/2017\/10\/menu.odt\">menu<\/a><\/p>\n<p>&nbsp;<\/p>\n<p>&nbsp;<\/p>\n<p>&nbsp;<\/p>\n<p>&nbsp;<\/p>\n","protected":false},"excerpt":{"rendered":"<div class=\"mh-excerpt\"><p>Co poda\u0107 je\u015b\u0107? \u017b\u00f3\u0142wie maj\u0105 swoj\u0105 ustalona diet\u0119, na szcz\u0119\u015bcie niezbyt wymagaj\u0105c\u0105, trzeba jednak uwa\u017ca\u0107 bo s\u0105 bardzo liczne wyj\u0105tki kt\u00f3re mog\u0105 naszemu pupilowi zrobi\u0107 <a class=\"mh-excerpt-more\" href=\"https:\/\/xn--w-uga1v8h.co.pl\/index.php\/zywienie\/\" title=\"\u017bywienie\">[&#8230;]<\/a><\/p>\n<\/div>","protected":false},"author":1,"featured_media":0,"parent":0,"menu_order":0,"comment_status":"closed","ping_status":"closed","template":"","meta":{"footnotes":""},"class_list":["post-21","page","type-page","status-publish","hentry"],"_links":{"self":[{"href":"https:\/\/xn--w-uga1v8h.co.pl\/index.php\/wp-json\/wp\/v2\/pages\/21","targetHints":{"allow":["GET"]}}],"collection":[{"href":"https:\/\/xn--w-uga1v8h.co.pl\/index.php\/wp-json\/wp\/v2\/pages"}],"about":[{"href":"https:\/\/xn--w-uga1v8h.co.pl\/index.php\/wp-json\/wp\/v2\/types\/page"}],"author":[{"embeddable":true,"href":"https:\/\/xn--w-uga1v8h.co.pl\/index.php\/wp-json\/wp\/v2\/users\/1"}],"replies":[{"embeddable":true,"href":"https:\/\/xn--w-uga1v8h.co.pl\/index.php\/wp-json\/wp\/v2\/comments?post=21"}],"version-history":[{"count":5,"href":"https:\/\/xn--w-uga1v8h.co.pl\/index.php\/wp-json\/wp\/v2\/pages\/21\/revisions"}],"predecessor-version":[{"id":82,"href":"https:\/\/xn--w-uga1v8h.co.pl\/index.php\/wp-json\/wp\/v2\/pages\/21\/revisions\/82"}],"wp:attachment":[{"href":"https:\/\/xn--w-uga1v8h.co.pl\/index.php\/wp-json\/wp\/v2\/media?parent=21"}],"curies":[{"name":"wp","href":"https:\/\/api.w.org\/{rel}","templated":true}]}}