{"id":304,"date":"2023-04-04T18:00:37","date_gmt":"2023-04-04T16:00:37","guid":{"rendered":"http:\/\/xn--w-uga1v8h.co.pl\/?page_id=304"},"modified":"2023-04-26T21:40:08","modified_gmt":"2023-04-26T19:40:08","slug":"zakupy","status":"publish","type":"page","link":"https:\/\/xn--w-uga1v8h.co.pl\/index.php\/zakupy\/","title":{"rendered":"Zakupy"},"content":{"rendered":"\n<p>Lista dostawc\u00f3w i znanych for\u00f3w kt\u00f3re traktuj\u0105  w tematyce gad\u00f3w.<\/p>\n\n\n\n<h2 class=\"wp-block-heading\">Czysto\u015b\u0107<\/h2>\n\n\n\n<p><\/p>\n\n\n\n<h2 class=\"wp-block-heading\">\u015awiat\u0142o\/ogrzewanie\/ch\u0142odzenie<\/h2>\n\n\n\n<p><\/p>\n\n\n\n<h2 class=\"wp-block-heading\">Rzetelne sklepy<\/h2>\n\n\n\n<p>Lokalnie &#8211; \u015bw. \u0141azarz Pozna\u0144<\/p>\n\n\n\n<p>http:\/\/sklepzoologiczny.pl<\/p>\n","protected":false},"excerpt":{"rendered":"<div class=\"mh-excerpt\"><p>Lista dostawc\u00f3w i znanych for\u00f3w kt\u00f3re traktuj\u0105 w tematyce gad\u00f3w. Czysto\u015b\u0107 \u015awiat\u0142o\/ogrzewanie\/ch\u0142odzenie Rzetelne sklepy Lokalnie &#8211; \u015bw. \u0141azarz Pozna\u0144 http:\/\/sklepzoologiczny.pl<\/p>\n<\/div>","protected":false},"author":1,"featured_media":0,"parent":0,"menu_order":0,"comment_status":"closed","ping_status":"closed","template":"","meta":{"footnotes":""},"class_list":["post-304","page","type-page","status-publish","hentry"],"_links":{"self":[{"href":"https:\/\/xn--w-uga1v8h.co.pl\/index.php\/wp-json\/wp\/v2\/pages\/304","targetHints":{"allow":["GET"]}}],"collection":[{"href":"https:\/\/xn--w-uga1v8h.co.pl\/index.php\/wp-json\/wp\/v2\/pages"}],"about":[{"href":"https:\/\/xn--w-uga1v8h.co.pl\/index.php\/wp-json\/wp\/v2\/types\/page"}],"author":[{"embeddable":true,"href":"https:\/\/xn--w-uga1v8h.co.pl\/index.php\/wp-json\/wp\/v2\/users\/1"}],"replies":[{"embeddable":true,"href":"https:\/\/xn--w-uga1v8h.co.pl\/index.php\/wp-json\/wp\/v2\/comments?post=304"}],"version-history":[{"count":3,"href":"https:\/\/xn--w-uga1v8h.co.pl\/index.php\/wp-json\/wp\/v2\/pages\/304\/revisions"}],"predecessor-version":[{"id":311,"href":"https:\/\/xn--w-uga1v8h.co.pl\/index.php\/wp-json\/wp\/v2\/pages\/304\/revisions\/311"}],"wp:attachment":[{"href":"https:\/\/xn--w-uga1v8h.co.pl\/index.php\/wp-json\/wp\/v2\/media?parent=304"}],"curies":[{"name":"wp","href":"https:\/\/api.w.org\/{rel}","templated":true}]}}