{"id":37,"date":"2017-10-01T07:36:33","date_gmt":"2017-10-01T07:36:33","guid":{"rendered":"http:\/\/xn--w-uga1v8h.co.pl\/?page_id=37"},"modified":"2017-10-01T08:45:04","modified_gmt":"2017-10-01T08:45:04","slug":"prawo","status":"publish","type":"page","link":"https:\/\/xn--w-uga1v8h.co.pl\/index.php\/prawo\/","title":{"rendered":"Zasady"},"content":{"rendered":"<p>Wszelkie materia\u0142y zamieszczone na stronie pochodz\u0105 z kolekcji autora strony, lub s\u0105 efektem jego prac i\/lub s\u0105 zapo\u017cyczone &#8211; podlegaj\u0105 prawu w\u0142asno\u015bci intelektualnej.<\/p>\n<p>W celu wykorzystania prosz\u0119 pami\u0119ta\u0107 o stosownych adnotacjach i zachowaniu integralno\u015bci zapo\u017cyczonych materia\u0142\u00f3w. W sytuacjach szczeg\u00f3lnych prosz\u0119 o kontakt.<\/p>\n<p><b><\/b>Wszelkie materia\u0142y zapo\u017cyczone zawieraj\u0105 stosown\u0105 zawarto\u015b\u0107\/opis kt\u00f3ra nie podlega modyfikacji i s\u0105 w\u0142asno\u015bci\u0105 tylko i wy\u0142\u0105cznie ich tw\u00f3rc\u00f3w. Wspomniane materia\u0142y s\u0105 og\u00f3lnie dost\u0119pne.<\/p>\n<p>Wszelkie materia\u0142y obj\u0119te stosownymi licencjami, posiadam wy\u0142\u0105cznie na podstawie zgody tw\u00f3rcy.<\/p>\n<p>&nbsp;<\/p>\n<p>&nbsp;<\/p>\n","protected":false},"excerpt":{"rendered":"<div class=\"mh-excerpt\"><p>Wszelkie materia\u0142y zamieszczone na stronie pochodz\u0105 z kolekcji autora strony, lub s\u0105 efektem jego prac i\/lub s\u0105 zapo\u017cyczone &#8211; podlegaj\u0105 prawu w\u0142asno\u015bci intelektualnej. W celu <a class=\"mh-excerpt-more\" href=\"https:\/\/xn--w-uga1v8h.co.pl\/index.php\/prawo\/\" title=\"Zasady\">[&#8230;]<\/a><\/p>\n<\/div>","protected":false},"author":1,"featured_media":0,"parent":0,"menu_order":20,"comment_status":"closed","ping_status":"closed","template":"","meta":{"footnotes":""},"class_list":["post-37","page","type-page","status-publish","hentry"],"_links":{"self":[{"href":"https:\/\/xn--w-uga1v8h.co.pl\/index.php\/wp-json\/wp\/v2\/pages\/37","targetHints":{"allow":["GET"]}}],"collection":[{"href":"https:\/\/xn--w-uga1v8h.co.pl\/index.php\/wp-json\/wp\/v2\/pages"}],"about":[{"href":"https:\/\/xn--w-uga1v8h.co.pl\/index.php\/wp-json\/wp\/v2\/types\/page"}],"author":[{"embeddable":true,"href":"https:\/\/xn--w-uga1v8h.co.pl\/index.php\/wp-json\/wp\/v2\/users\/1"}],"replies":[{"embeddable":true,"href":"https:\/\/xn--w-uga1v8h.co.pl\/index.php\/wp-json\/wp\/v2\/comments?post=37"}],"version-history":[{"count":5,"href":"https:\/\/xn--w-uga1v8h.co.pl\/index.php\/wp-json\/wp\/v2\/pages\/37\/revisions"}],"predecessor-version":[{"id":43,"href":"https:\/\/xn--w-uga1v8h.co.pl\/index.php\/wp-json\/wp\/v2\/pages\/37\/revisions\/43"}],"wp:attachment":[{"href":"https:\/\/xn--w-uga1v8h.co.pl\/index.php\/wp-json\/wp\/v2\/media?parent=37"}],"curies":[{"name":"wp","href":"https:\/\/api.w.org\/{rel}","templated":true}]}}