{"id":83,"date":"2017-10-01T19:14:24","date_gmt":"2017-10-01T17:14:24","guid":{"rendered":"http:\/\/xn--w-uga1v8h.co.pl\/?page_id=83"},"modified":"2023-04-26T21:43:35","modified_gmt":"2023-04-26T19:43:35","slug":"bob-2","status":"publish","type":"page","link":"https:\/\/xn--w-uga1v8h.co.pl\/index.php\/bob-2\/","title":{"rendered":"Bob &#8211; tak go nazwali\u015bmy"},"content":{"rendered":"<p>Bob &#8211; bo tak zosta\u0142a nazwana nasza gadzinka. Troszk\u0119 danych statystycznych dla zainteresowanych.<\/p>\n<p>W\/g\u00a0http:\/\/i4.photobucket.com\/albums\/y130\/terrypin\/Hatchlingjacksonratio.jpg<\/p>\n<p><img loading=\"lazy\" decoding=\"async\" class=\"wp-image-241 size-mh-magazine-lite-content aligncenter\" src=\"https:\/\/xn--w-uga1v8h.co.pl\/wp-content\/uploads\/2018\/06\/Wykres-Jacksona-dla-maluch\u00f3w-678x381.jpg\" alt=\"\" width=\"678\" height=\"381\" \/><\/p>\n<p>Oraz w\/g\u00a0http:\/\/i4.photobucket.com\/albums\/y130\/terrypin\/jacksonsratio.gif<\/p>\n<p><img loading=\"lazy\" decoding=\"async\" class=\"aligncenter wp-image-246 size-medium\" src=\"https:\/\/xn--w-uga1v8h.co.pl\/wp-content\/uploads\/2018\/06\/jacsonnext-300x219.png\" alt=\"\" width=\"300\" height=\"219\" srcset=\"https:\/\/xn--w-uga1v8h.co.pl\/wp-content\/uploads\/2018\/06\/jacsonnext-300x219.png 300w, https:\/\/xn--w-uga1v8h.co.pl\/wp-content\/uploads\/2018\/06\/jacsonnext-768x560.png 768w, https:\/\/xn--w-uga1v8h.co.pl\/wp-content\/uploads\/2018\/06\/jacsonnext.png 809w\" sizes=\"auto, (max-width: 300px) 100vw, 300px\" \/><\/p>\n<p>\u00a0<\/p>\n<table border=\"0\" cellspacing=\"0\"><colgroup width=\"44\"><\/colgroup> <colgroup span=\"2\" width=\"86\"><\/colgroup> <colgroup width=\"85\"><\/colgroup> <colgroup width=\"123\"><\/colgroup> <colgroup width=\"85\"><\/colgroup>\n<tbody>\n<tr>\n<td align=\"center\" valign=\"middle\" height=\"55\">lp<\/td>\n<td align=\"center\" valign=\"middle\">data<\/td>\n<td align=\"center\" valign=\"middle\">waga\n<p>\u00a0<\/p>\n<p>g<\/p>\n<\/td>\n<td align=\"center\" valign=\"middle\">d\u0142ugo\u015b\u0107 skorupy<\/td>\n<td align=\"center\" valign=\"middle\">d\u0142ugo\u015b\u0107 ca\u0142kowita od g\u0142owy do tylnych \u0142apek<\/td>\n<td align=\"center\" valign=\"middle\">szeroko\u015b\u0107 skorupy<\/td>\n<\/tr>\n<tr>\n<td style=\"text-align: center;\" align=\"right\" height=\"17\">1<\/td>\n<td align=\"center\">2017.01.27<\/td>\n<td align=\"center\">37<\/td>\n<td align=\"center\">53<\/td>\n<td align=\"center\">70<\/td>\n<td align=\"center\">&#8211;<\/td>\n<\/tr>\n<tr>\n<td style=\"text-align: center;\" align=\"right\" height=\"17\">2<\/td>\n<td align=\"center\">2017.03.11<\/td>\n<td align=\"center\">34.24<\/td>\n<td align=\"center\">&#8211;<\/td>\n<td style=\"text-align: center;\" align=\"center\">70<\/td>\n<td align=\"center\">&#8211;<\/td>\n<\/tr>\n<tr>\n<td style=\"text-align: center;\" align=\"right\" height=\"17\">3<\/td>\n<td align=\"center\">2017.07.01<\/td>\n<td align=\"center\">45,71<\/td>\n<td align=\"center\">60<\/td>\n<td align=\"center\">90<\/td>\n<td align=\"center\">50<\/td>\n<\/tr>\n<tr>\n<td style=\"text-align: center;\" align=\"right\" height=\"17\">4<\/td>\n<td align=\"center\">2017.09.06<\/td>\n<td align=\"center\">62,74<\/td>\n<td align=\"center\">65<\/td>\n<td align=\"center\">\u00a0&#8211;<\/td>\n<td align=\"center\">52<\/td>\n<\/tr>\n<tr>\n<td style=\"text-align: center;\" align=\"left\" height=\"17\">\u00a05<\/td>\n<td align=\"center\">2017.12.13<\/td>\n<td align=\"center\">&#8211;<\/td>\n<td align=\"center\">70<\/td>\n<td align=\"center\">&#8211;<\/td>\n<td align=\"center\">&#8211;<\/td>\n<\/tr>\n<tr>\n<td style=\"text-align: center;\" align=\"left\" height=\"17\">\u00a06<\/td>\n<td align=\"center\">\u00a02017.12.23<\/td>\n<td align=\"center\">84,90<\/td>\n<td align=\"center\">70<\/td>\n<td align=\"center\">&#8211;<\/td>\n<td align=\"center\">&#8211;<\/td>\n<\/tr>\n<tr>\n<td style=\"text-align: center;\" align=\"left\" height=\"17\">\u00a07<\/td>\n<td align=\"center\">2018.02.28<\/td>\n<td align=\"center\">\u00a0114<\/td>\n<td align=\"center\">80<\/td>\n<td align=\"center\">100<\/td>\n<td align=\"center\">\u00a065<\/td>\n<\/tr>\n<tr>\n<td style=\"text-align: center;\" align=\"left\" height=\"17\">8<\/td>\n<td style=\"text-align: center;\" align=\"center\">2018.06.30<\/td>\n<td style=\"text-align: center;\" align=\"center\">138<\/td>\n<td style=\"text-align: center;\" align=\"center\">90<\/td>\n<td style=\"text-align: center;\" align=\"center\">135<\/td>\n<td style=\"text-align: center;\" align=\"center\">82<\/td>\n<\/tr>\n<tr>\n<td style=\"text-align: center;\" align=\"left\" height=\"17\">9<\/td>\n<td align=\"center\">2018.11.01<\/td>\n<td align=\"center\">161<\/td>\n<td align=\"center\">100<\/td>\n<td align=\"center\">150<\/td>\n<td align=\"center\">&#8211;<\/td>\n<\/tr>\n<tr>\n<td style=\"text-align: center;\" align=\"left\" height=\"17\">10<\/td>\n<td align=\"center\">2020.01.05<\/td>\n<td align=\"center\">225<\/td>\n<td align=\"center\">110<\/td>\n<td align=\"center\">175<\/td>\n<td align=\"center\">88<\/td>\n<\/tr>\n<tr>\n<td style=\"text-align: center;\" align=\"left\" height=\"17\">11<\/td>\n<td style=\"text-align: center;\" align=\"center\">20210221<\/td>\n<td style=\"text-align: center;\" align=\"center\">300<\/td>\n<td style=\"text-align: center;\" align=\"center\">115<\/td>\n<td style=\"text-align: center;\" align=\"center\">175<\/td>\n<td style=\"text-align: center;\" align=\"center\">88<\/td>\n<\/tr>\n<tr>\n<td style=\"text-align: center;\" align=\"left\" height=\"17\">12<\/td>\n<td align=\"center\">20210918<\/td>\n<td align=\"center\">293<\/td>\n<td align=\"center\">116<\/td>\n<td align=\"center\">190<\/td>\n<td align=\"center\">88<\/td>\n<\/tr>\n<tr>\n<td style=\"text-align: center;\" align=\"left\" height=\"17\">13<\/td>\n<td align=\"center\">20230427<\/td>\n<td align=\"center\">\u00a0<\/td>\n<td align=\"center\">\u00a0<\/td>\n<td align=\"center\">\u00a0<\/td>\n<td align=\"center\">\u00a0<\/td>\n<\/tr>\n<tr>\n<td style=\"text-align: center;\" align=\"left\" height=\"17\">\u00a0<\/td>\n<td align=\"center\">\u00a0<\/td>\n<td align=\"center\">\u00a0<\/td>\n<td align=\"center\">\u00a0<\/td>\n<td align=\"center\">\u00a0<\/td>\n<td align=\"center\">\u00a0<\/td>\n<\/tr>\n<tr>\n<td style=\"text-align: center;\" align=\"left\" height=\"17\">\u00a0<\/td>\n<td style=\"text-align: center;\" align=\"center\">\u00a0<\/td>\n<td style=\"text-align: center;\" align=\"center\">\u00a0<\/td>\n<td style=\"text-align: center;\" align=\"center\">\u00a0<\/td>\n<td align=\"center\">\u00a0<\/td>\n<td align=\"center\">\u00a0<\/td>\n<\/tr>\n<\/tbody>\n<\/table>\n\n\n<p><\/p>\n","protected":false},"excerpt":{"rendered":"<div class=\"mh-excerpt\"><p>Bob &#8211; bo tak zosta\u0142a nazwana nasza gadzinka. Troszk\u0119 danych statystycznych dla zainteresowanych. W\/g\u00a0http:\/\/i4.photobucket.com\/albums\/y130\/terrypin\/Hatchlingjacksonratio.jpg Oraz w\/g\u00a0http:\/\/i4.photobucket.com\/albums\/y130\/terrypin\/jacksonsratio.gif \u00a0 lp data waga \u00a0 g d\u0142ugo\u015b\u0107 skorupy d\u0142ugo\u015b\u0107 <a class=\"mh-excerpt-more\" href=\"https:\/\/xn--w-uga1v8h.co.pl\/index.php\/bob-2\/\" title=\"Bob &#8211; tak go nazwali\u015bmy\">[&#8230;]<\/a><\/p>\n<\/div>","protected":false},"author":1,"featured_media":0,"parent":0,"menu_order":0,"comment_status":"closed","ping_status":"closed","template":"","meta":{"footnotes":""},"class_list":["post-83","page","type-page","status-publish","hentry"],"_links":{"self":[{"href":"https:\/\/xn--w-uga1v8h.co.pl\/index.php\/wp-json\/wp\/v2\/pages\/83","targetHints":{"allow":["GET"]}}],"collection":[{"href":"https:\/\/xn--w-uga1v8h.co.pl\/index.php\/wp-json\/wp\/v2\/pages"}],"about":[{"href":"https:\/\/xn--w-uga1v8h.co.pl\/index.php\/wp-json\/wp\/v2\/types\/page"}],"author":[{"embeddable":true,"href":"https:\/\/xn--w-uga1v8h.co.pl\/index.php\/wp-json\/wp\/v2\/users\/1"}],"replies":[{"embeddable":true,"href":"https:\/\/xn--w-uga1v8h.co.pl\/index.php\/wp-json\/wp\/v2\/comments?post=83"}],"version-history":[{"count":28,"href":"https:\/\/xn--w-uga1v8h.co.pl\/index.php\/wp-json\/wp\/v2\/pages\/83\/revisions"}],"predecessor-version":[{"id":313,"href":"https:\/\/xn--w-uga1v8h.co.pl\/index.php\/wp-json\/wp\/v2\/pages\/83\/revisions\/313"}],"wp:attachment":[{"href":"https:\/\/xn--w-uga1v8h.co.pl\/index.php\/wp-json\/wp\/v2\/media?parent=83"}],"curies":[{"name":"wp","href":"https:\/\/api.w.org\/{rel}","templated":true}]}}